{"id":63586,"date":"2024-07-16T12:01:59","date_gmt":"2024-07-16T12:01:59","guid":{"rendered":"https:\/\/wordpress.zozothemes.com\/gigas\/?page_id=63586"},"modified":"2025-08-07T11:18:02","modified_gmt":"2025-08-07T11:18:02","slug":"rozwiazania","status":"publish","type":"page","link":"https:\/\/zorgu.ai\/en\/rozwiazania\/","title":{"rendered":"Rozwi\u0105zania"},"content":{"rendered":"<div data-elementor-type=\"wp-page\" data-elementor-id=\"63586\" class=\"elementor elementor-63586\">\n\t\t\t\t\t\t<section class=\"elementor-section elementor-top-section elementor-element elementor-element-54976140 elementor-section-boxed elementor-section-height-default elementor-section-height-default text-reveal-no\" data-id=\"54976140\" data-element_type=\"section\" data-e-type=\"section\">\n\t\t\t\t\t\t<div class=\"elementor-container elementor-column-gap-default\">\n\t\t\t\t\t<div class=\"elementor-column elementor-col-100 elementor-top-column elementor-element elementor-element-4bcafd0c\" data-id=\"4bcafd0c\" data-element_type=\"column\" data-e-type=\"column\">\n\t\t\t<div class=\"elementor-widget-wrap elementor-element-populated\">\n\t\t\t\t\t\t<div class=\"elementor-element elementor-element-422fb6a9 elementor-widget elementor-widget-ceaservice\" data-id=\"422fb6a9\" data-element_type=\"widget\" data-e-type=\"widget\" data-widget_type=\"ceaservice.default\">\n\t\t\t\t\n\t\t<div class=\"elementor-widget-container service-wrapper service-style-classic-pro service-light service-normal-model\">\n\t\t\n\t\t\t<div class=\"row\"><div class=\"col-lg-4 col-md-4\" ><div class=\"service-inner\"><div class=\"post-thumb post-overlay-active\"><a href=\"https:\/\/zorgu.ai\/en\/rozwiazania\/zorgu-recap\/\" class=\"post-image-link\"><img decoding=\"async\" src=\"https:\/\/zorgu.ai\/wp-content\/uploads\/elementor\/thumbs\/serv-5-r7g4rojmcszms0qja239i9kuur2z88tlj7mjpdojgo.jpg\" title=\"serv-5\" alt=\"\" class=\"img-fluid squared\" \/><\/a><div class=\"post-overlay-items\"><div class=\"post-more\"><a href=\"https:\/\/zorgu.ai\/en\/rozwiazania\/zorgu-recap\/\" class=\"read-more elementor-button\">czytaj wi\u0119cej<\/a><\/div><\/div><\/div><!-- .post-thumb --><div class=\"post-details-outer\"><div class=\"service-icon-img-wrap\"><img decoding=\"async\" src=\"https:\/\/zorgu.ai\/wp-content\/uploads\/2024\/07\/Zorgu_logo_fiolet_64x64_icon.png\" class=\"img-fluid service-icon-img\" alt=\"Zorgu Recap\" \/><\/div><div class=\"entry-title\"><h4 class=\"post-title-head\"><a href=\"https:\/\/zorgu.ai\/en\/rozwiazania\/zorgu-recap\/\" class=\"post-title\">Zorgu Recap<\/a><\/h4><\/div><!-- .entry-title --><\/div><!-- .post-details-outer --><\/div><!-- .service-inner --><\/div><!-- .col \/ .owl-carousel-item \/ .isotope --><div class=\"col-lg-4 col-md-4\" ><div class=\"service-inner\"><div class=\"post-thumb post-overlay-active\"><a href=\"https:\/\/zorgu.ai\/en\/rozwiazania\/zorgu-home\/\" class=\"post-image-link\"><img decoding=\"async\" src=\"https:\/\/zorgu.ai\/wp-content\/uploads\/elementor\/thumbs\/zorguhome-r7vnexqggjs5mw0lo9bf49e3gx9jvv40kolr5eitu0.png\" title=\"zorguhome\" alt=\"\" class=\"img-fluid squared img-fluid squared\" \/><\/a><div class=\"post-overlay-items\"><div class=\"post-more\"><a href=\"https:\/\/zorgu.ai\/en\/rozwiazania\/zorgu-home\/\" class=\"read-more elementor-button\">czytaj wi\u0119cej<\/a><\/div><\/div><\/div><!-- .post-thumb --><div class=\"post-details-outer\"><div class=\"service-icon-img-wrap\"><img decoding=\"async\" src=\"https:\/\/zorgu.ai\/wp-content\/uploads\/2024\/07\/Zorgu_logo_fiolet_64x64_icon.png\" class=\"img-fluid service-icon-img\" alt=\"Zorgu Home\" \/><\/div><div class=\"entry-title\"><h4 class=\"post-title-head\"><a href=\"https:\/\/zorgu.ai\/en\/rozwiazania\/zorgu-home\/\" class=\"post-title\">Zorgu Home<\/a><\/h4><\/div><!-- .entry-title --><\/div><!-- .post-details-outer --><\/div><!-- .service-inner --><\/div><!-- .col \/ .owl-carousel-item \/ .isotope --><div class=\"col-lg-4 col-md-4\" ><div class=\"service-inner\"><div class=\"post-thumb post-overlay-active\"><a href=\"https:\/\/zorgu.ai\/en\/rozwiazania\/zorgu-offer\/\" class=\"post-image-link\"><img decoding=\"async\" src=\"https:\/\/zorgu.ai\/wp-content\/uploads\/elementor\/thumbs\/serv-1-r7g4rks9lguhhkvzw0gr8aj0h7lidgeo6p0ls9u45k.jpg\" title=\"serv-1\" alt=\"\" class=\"img-fluid squared img-fluid squared img-fluid squared\" \/><\/a><div class=\"post-overlay-items\"><div class=\"post-more\"><a href=\"https:\/\/zorgu.ai\/en\/rozwiazania\/zorgu-offer\/\" class=\"read-more elementor-button\">czytaj wi\u0119cej<\/a><\/div><\/div><\/div><!-- .post-thumb --><div class=\"post-details-outer\"><div class=\"service-icon-img-wrap\"><img decoding=\"async\" src=\"https:\/\/zorgu.ai\/wp-content\/uploads\/2024\/07\/Zorgu_logo_fiolet_64x64_icon.png\" class=\"img-fluid service-icon-img\" alt=\"Zorgu Offer\" \/><\/div><div class=\"entry-title\"><h4 class=\"post-title-head\"><a href=\"https:\/\/zorgu.ai\/en\/rozwiazania\/zorgu-offer\/\" class=\"post-title\">Zorgu Offer<\/a><\/h4><\/div><!-- .entry-title --><\/div><!-- .post-details-outer --><\/div><!-- .service-inner --><\/div><!-- .col \/ .owl-carousel-item \/ .isotope --><\/div><!-- .row --><div class=\"row\"><div class=\"col-lg-4 col-md-4\" ><div class=\"service-inner\"><div class=\"post-thumb post-overlay-active\"><a href=\"https:\/\/zorgu.ai\/en\/rozwiazania\/lead-generation\/\" class=\"post-image-link\"><img decoding=\"async\" src=\"https:\/\/zorgu.ai\/wp-content\/uploads\/elementor\/thumbs\/Lead-Generation_v2-r9a46dtvpk651xuzh9b75xfr0bzzda9gpov9do6he0.png\" title=\"Lead Generation_v2\" alt=\"\" class=\"img-fluid squared img-fluid squared img-fluid squared img-fluid squared\" \/><\/a><div class=\"post-overlay-items\"><div class=\"post-more\"><a href=\"https:\/\/zorgu.ai\/en\/rozwiazania\/lead-generation\/\" class=\"read-more elementor-button\">czytaj wi\u0119cej<\/a><\/div><\/div><\/div><!-- .post-thumb --><div class=\"post-details-outer\"><div class=\"service-icon-img-wrap\"><img decoding=\"async\" src=\"https:\/\/zorgu.ai\/wp-content\/uploads\/2024\/07\/Zorgu_logo_fiolet_64x64_icon.png\" class=\"img-fluid service-icon-img\" alt=\"Lead Generation\" \/><\/div><div class=\"entry-title\"><h4 class=\"post-title-head\"><a href=\"https:\/\/zorgu.ai\/en\/rozwiazania\/lead-generation\/\" class=\"post-title\">Lead Generation<\/a><\/h4><\/div><!-- .entry-title --><\/div><!-- .post-details-outer --><\/div><!-- .service-inner --><\/div><!-- .col \/ .owl-carousel-item \/ .isotope --><div class=\"col-lg-4 col-md-4\" ><div class=\"service-inner\"><div class=\"post-thumb post-overlay-active\"><a href=\"https:\/\/zorgu.ai\/en\/rozwiazania\/zorgu-talk\/\" class=\"post-image-link\"><img decoding=\"async\" src=\"https:\/\/zorgu.ai\/wp-content\/uploads\/elementor\/thumbs\/max_zorgu_talk-rbnwrkx2p3sra3cjnwfce802jklmf0o0t4ah3ouky0.png\" title=\"max_zorgu_talk\" alt=\"\" class=\"img-fluid squared img-fluid squared img-fluid squared img-fluid squared img-fluid squared\" \/><\/a><div class=\"post-overlay-items\"><div class=\"post-more\"><a href=\"https:\/\/zorgu.ai\/en\/rozwiazania\/zorgu-talk\/\" class=\"read-more elementor-button\">czytaj wi\u0119cej<\/a><\/div><\/div><\/div><!-- .post-thumb --><div class=\"post-details-outer\"><div class=\"service-icon-img-wrap\"><img decoding=\"async\" src=\"https:\/\/zorgu.ai\/wp-content\/uploads\/2024\/07\/Zorgu_logo_fiolet_64x64_icon.png\" class=\"img-fluid service-icon-img\" alt=\"Zorgu Talk\" \/><\/div><div class=\"entry-title\"><h4 class=\"post-title-head\"><a href=\"https:\/\/zorgu.ai\/en\/rozwiazania\/zorgu-talk\/\" class=\"post-title\">Zorgu Talk<\/a><\/h4><\/div><!-- .entry-title --><\/div><!-- .post-details-outer --><\/div><!-- .service-inner --><\/div><!-- .col \/ .owl-carousel-item \/ .isotope --><div class=\"col-lg-4 col-md-4\" ><div class=\"service-inner\"><div class=\"post-thumb post-overlay-active\"><a href=\"https:\/\/zorgu.ai\/en\/rozwiazania\/zorgu-mail\/\" class=\"post-image-link\"><img decoding=\"async\" src=\"https:\/\/zorgu.ai\/wp-content\/uploads\/elementor\/thumbs\/Zorgu-Mail-r99tf4bnyu19pkdstv0nvnj09crw2kungwtjdmdoy0.png\" title=\"Zorgu Mail\" alt=\"\" class=\"img-fluid squared img-fluid squared img-fluid squared img-fluid squared img-fluid squared img-fluid squared\" \/><\/a><div class=\"post-overlay-items\"><div class=\"post-more\"><a href=\"https:\/\/zorgu.ai\/en\/rozwiazania\/zorgu-mail\/\" class=\"read-more elementor-button\">czytaj wi\u0119cej<\/a><\/div><\/div><\/div><!-- .post-thumb --><div class=\"post-details-outer\"><div class=\"service-icon-img-wrap\"><img decoding=\"async\" src=\"https:\/\/zorgu.ai\/wp-content\/uploads\/2024\/07\/Zorgu_logo_fiolet_64x64_icon.png\" class=\"img-fluid service-icon-img\" alt=\"Zorgu Mail\" \/><\/div><div class=\"entry-title\"><h4 class=\"post-title-head\"><a href=\"https:\/\/zorgu.ai\/en\/rozwiazania\/zorgu-mail\/\" class=\"post-title\">Zorgu Mail<\/a><\/h4><\/div><!-- .entry-title --><\/div><!-- .post-details-outer --><\/div><!-- .service-inner --><\/div><!-- .col \/ .owl-carousel-item \/ .isotope --><\/div><!-- .row --><div class=\"row\"><div class=\"col-lg-4 col-md-4\" ><div class=\"service-inner\"><div class=\"post-thumb post-overlay-active\"><a href=\"https:\/\/zorgu.ai\/en\/rozwiazania\/zorgu-radar\/\" class=\"post-image-link\"><img decoding=\"async\" src=\"https:\/\/zorgu.ai\/wp-content\/uploads\/elementor\/thumbs\/serv-4-r7g4rnls5yycgerwfjomxrte9d7m0jpv72z283pxmw.jpg\" title=\"serv-4\" alt=\"\" class=\"img-fluid squared img-fluid squared img-fluid squared img-fluid squared img-fluid squared img-fluid squared img-fluid squared\" \/><\/a><div class=\"post-overlay-items\"><div class=\"post-more\"><a href=\"https:\/\/zorgu.ai\/en\/rozwiazania\/zorgu-radar\/\" class=\"read-more elementor-button\">czytaj wi\u0119cej<\/a><\/div><\/div><\/div><!-- .post-thumb --><div class=\"post-details-outer\"><div class=\"service-icon-img-wrap\"><img decoding=\"async\" src=\"https:\/\/zorgu.ai\/wp-content\/uploads\/2024\/07\/Zorgu_logo_fiolet_64x64_icon.png\" class=\"img-fluid service-icon-img\" alt=\"Zorgu Radar\" \/><\/div><div class=\"entry-title\"><h4 class=\"post-title-head\"><a href=\"https:\/\/zorgu.ai\/en\/rozwiazania\/zorgu-radar\/\" class=\"post-title\">Zorgu Radar<\/a><\/h4><\/div><!-- .entry-title --><\/div><!-- .post-details-outer --><\/div><!-- .service-inner --><\/div><!-- .col \/ .owl-carousel-item \/ .isotope --><\/div><!-- .row -->\t\t\t\n\t\t<\/div>\n\t\t\t\t<\/div>\n\t\t\t\t\t<\/div>\n\t\t<\/div>\n\t\t\t\t\t<\/div>\n\t\t<\/section>\n\t\t\t\t<section class=\"elementor-section elementor-top-section elementor-element elementor-element-27eda56b elementor-section-stretched elementor-section-content-middle elementor-section-boxed elementor-section-height-default elementor-section-height-default text-reveal-no\" data-id=\"27eda56b\" data-element_type=\"section\" data-e-type=\"section\" data-settings=\"{&quot;stretch_section&quot;:&quot;section-stretched&quot;,&quot;background_background&quot;:&quot;classic&quot;}\">\n\t\t\t\t\t\t\t<div class=\"elementor-background-overlay\"><\/div>\n\t\t\t\t\t\t\t<div class=\"elementor-container elementor-column-gap-wide\">\n\t\t\t\t\t<div class=\"elementor-column elementor-col-50 elementor-top-column elementor-element elementor-element-7614bdd0\" data-id=\"7614bdd0\" data-element_type=\"column\" data-e-type=\"column\">\n\t\t\t<div class=\"elementor-widget-wrap elementor-element-populated\">\n\t\t\t\t\t\t<div class=\"elementor-element elementor-element-479485bf cea-align-left elementor-widget elementor-widget-ceasectiontitle\" data-id=\"479485bf\" data-element_type=\"widget\" data-e-type=\"widget\" data-widget_type=\"ceasectiontitle.default\">\n\t\t\t\t<div class=\"elementor-widget-container\">\n\t\t\t\t\t<div class=\"section-title-wrapper\"><div class=\"title-wrap\"><p class=\"sub-title\"><span class=\"subtitle-dots\" >Jeste\u015b zainteresowany? Skontaktuj si\u0119 z nami<\/span><\/p><h2 class=\"section-title none\" data-animation=\"none\">Pami\u0119taj! Wszystko zaczyna si\u0119 od rozmowy<\/h2><\/div><!-- .title-wrap --><div class=\"section-description\"><p class=\"section-content\">Nasz zesp\u00f3\u0142 ekspert\u00f3w jest gotowy przekaza\u0107 niezb\u0119dn\u0105 wiedz\u0119, a nast\u0119pnie wdro\u017cy\u0107 innowacyjne rozwi\u0105zania.<\/p><\/div><!-- .section-description --><\/div><!-- .section-title-wrapper -->\t\t\t\t<\/div>\n\t\t\t\t<\/div>\n\t\t\t\t<div class=\"elementor-element elementor-element-26720ec cea-view-stacked cea-shape-circle elementor-widget elementor-widget-ceafeaturebox\" data-id=\"26720ec\" data-element_type=\"widget\" data-e-type=\"widget\" data-widget_type=\"ceafeaturebox.default\">\n\t\t\t\t<div class=\"elementor-widget-container feature-box-wrapper feature-box-default\">\n\t\t\t<div class=\"media\"><div class=\"media-icon-part align-self-center\"><div class=\"cea-featured-icon\"><i aria-hidden=\"true\" class=\"bi-telephone-outbound\"><\/i><\/div><\/div><div class=\"media-body\"><h4 class=\"feature-box-title\">Zadzwo\u0144<\/h4><div class=\"fbox-content\"><a href=\"tel:+48 509 472 769\">+48 509 472 769<\/a>\n<\/div><\/div><!-- .media-body --><\/div><!-- .media -->\t\t<\/div>\n\t\t\t\t<\/div>\n\t\t\t\t<div class=\"elementor-element elementor-element-5735ed44 cea-view-stacked cea-shape-circle elementor-widget elementor-widget-ceafeaturebox\" data-id=\"5735ed44\" data-element_type=\"widget\" data-e-type=\"widget\" data-widget_type=\"ceafeaturebox.default\">\n\t\t\t\t<div class=\"elementor-widget-container feature-box-wrapper feature-box-default\">\n\t\t\t<div class=\"media\"><div class=\"media-icon-part align-self-center\"><div class=\"cea-featured-icon\"><i aria-hidden=\"true\" class=\"bi-envelope\"><\/i><\/div><\/div><div class=\"media-body\"><h4 class=\"feature-box-title\">Napisz do nas<\/h4><div class=\"fbox-content\"><a href=\"mailto:hi@zorgu.ai\">hi@zorgu.ai<\/a><\/div><\/div><!-- .media-body --><\/div><!-- .media -->\t\t<\/div>\n\t\t\t\t<\/div>\n\t\t\t\t\t<\/div>\n\t\t<\/div>\n\t\t\t\t<div class=\"elementor-column elementor-col-50 elementor-top-column elementor-element elementor-element-47b083f8 bg-box\" data-id=\"47b083f8\" data-element_type=\"column\" data-e-type=\"column\" data-settings=\"{&quot;background_background&quot;:&quot;classic&quot;}\">\n\t\t\t<div class=\"elementor-widget-wrap elementor-element-populated\">\n\t\t\t\t\t\t<div class=\"elementor-element elementor-element-77e4cb25 elementor-widget elementor-widget-contactform\" data-id=\"77e4cb25\" data-element_type=\"widget\" data-e-type=\"widget\" data-widget_type=\"contactform.default\">\n\t\t\t\t<div class=\"elementor-widget-container\">\n\t\t\t\t\t<div class=\"contact-form-wrapper cf-style-classic\"><div class=\"contact-form\">\n<div class=\"wpcf7 no-js\" id=\"wpcf7-f17499-o1\" lang=\"en-US\" dir=\"ltr\" data-wpcf7-id=\"17499\">\n<div class=\"screen-reader-response\"><p role=\"status\" aria-live=\"polite\" aria-atomic=\"true\"><\/p> <ul><\/ul><\/div>\n<form action=\"\/en\/wp-json\/wp\/v2\/pages\/63586#wpcf7-f17499-o1\" method=\"post\" class=\"wpcf7-form init\" aria-label=\"Contact form\" novalidate=\"novalidate\" data-status=\"init\" data-trp-original-action=\"\/en\/wp-json\/wp\/v2\/pages\/63586#wpcf7-f17499-o1\">\n<fieldset class=\"hidden-fields-container\"><input type=\"hidden\" name=\"_wpcf7\" value=\"17499\" \/><input type=\"hidden\" name=\"_wpcf7_version\" value=\"6.1.5\" \/><input type=\"hidden\" name=\"_wpcf7_locale\" value=\"en_US\" \/><input type=\"hidden\" name=\"_wpcf7_unit_tag\" value=\"wpcf7-f17499-o1\" \/><input type=\"hidden\" name=\"_wpcf7_container_post\" value=\"0\" \/><input type=\"hidden\" name=\"_wpcf7_posted_data_hash\" value=\"\" \/>\n<\/fieldset>\n<div class=\"row\">\n\t<div class=\"col-md-12\">\n\t\t<p><span class=\"wpcf7-form-control-wrap\" data-name=\"your-name\"><input size=\"40\" maxlength=\"400\" class=\"wpcf7-form-control wpcf7-text\" aria-invalid=\"false\" placeholder=\"Imi\u0119 i nazwisko\" value=\"\" type=\"text\" name=\"your-name\" \/><\/span><span class=\"wpcf7-form-control-wrap\" data-name=\"your-email\"><input size=\"40\" maxlength=\"400\" class=\"wpcf7-form-control wpcf7-email wpcf7-validates-as-required wpcf7-text wpcf7-validates-as-email\" aria-required=\"true\" aria-invalid=\"false\" placeholder=\"Email\" value=\"\" type=\"email\" name=\"your-email\" \/><\/span><span class=\"wpcf7-form-control-wrap\" data-name=\"your-phone\"><input size=\"40\" maxlength=\"400\" class=\"wpcf7-form-control wpcf7-tel wpcf7-validates-as-required wpcf7-text wpcf7-validates-as-tel\" aria-required=\"true\" aria-invalid=\"false\" placeholder=\"Telefon\" value=\"\" type=\"tel\" name=\"your-phone\" \/><\/span><span class=\"wpcf7-form-control-wrap\" data-name=\"your-message\"><textarea cols=\"40\" rows=\"10\" maxlength=\"2000\" class=\"wpcf7-form-control wpcf7-textarea\" aria-invalid=\"false\" placeholder=\"Wiadomo\u015b\u0107\" name=\"your-message\"><\/textarea><\/span>\n\t\t<\/p>\n\t<\/div>\n\t<div class=\"col-md-12 mt-3\">\n\t\t<p><input class=\"wpcf7-form-control wpcf7-submit has-spinner\" type=\"submit\" value=\"Wy\u015blij\" \/>\n\t\t<\/p>\n\t<\/div>\n<\/div><div class=\"wpcf7-response-output\" aria-hidden=\"true\"><\/div>\n<input type=\"hidden\" name=\"trp-form-language\" value=\"en\"\/><\/form>\n<\/div>\n<\/div><!-- .contact-form --><\/div><!-- .contact-form-wrapper -->\t\t\t\t<\/div>\n\t\t\t\t<\/div>\n\t\t\t\t\t<\/div>\n\t\t<\/div>\n\t\t\t\t\t<\/div>\n\t\t<\/section>\n\t\t\t\t<\/div>","protected":false},"excerpt":{"rendered":"<p>czytaj wi\u0119cej Zorgu Recap czytaj wi\u0119cej Zorgu Home czytaj wi\u0119cej Zorgu..<\/p>","protected":false},"author":1,"featured_media":0,"parent":0,"menu_order":0,"comment_status":"closed","ping_status":"closed","template":"","meta":{"footnotes":""},"class_list":["post-63586","page","type-page","status-publish","hentry"],"_links":{"self":[{"href":"https:\/\/zorgu.ai\/en\/wp-json\/wp\/v2\/pages\/63586","targetHints":{"allow":["GET"]}}],"collection":[{"href":"https:\/\/zorgu.ai\/en\/wp-json\/wp\/v2\/pages"}],"about":[{"href":"https:\/\/zorgu.ai\/en\/wp-json\/wp\/v2\/types\/page"}],"author":[{"embeddable":true,"href":"https:\/\/zorgu.ai\/en\/wp-json\/wp\/v2\/users\/1"}],"replies":[{"embeddable":true,"href":"https:\/\/zorgu.ai\/en\/wp-json\/wp\/v2\/comments?post=63586"}],"version-history":[{"count":7,"href":"https:\/\/zorgu.ai\/en\/wp-json\/wp\/v2\/pages\/63586\/revisions"}],"predecessor-version":[{"id":65234,"href":"https:\/\/zorgu.ai\/en\/wp-json\/wp\/v2\/pages\/63586\/revisions\/65234"}],"wp:attachment":[{"href":"https:\/\/zorgu.ai\/en\/wp-json\/wp\/v2\/media?parent=63586"}],"curies":[{"name":"wp","href":"https:\/\/api.w.org\/{rel}","templated":true}]}}