{"id":63559,"date":"2024-07-16T11:45:57","date_gmt":"2024-07-16T11:45:57","guid":{"rendered":"https:\/\/wordpress.zozothemes.com\/gigas\/?page_id=63559"},"modified":"2025-06-25T18:17:42","modified_gmt":"2025-06-25T18:17:42","slug":"testimonials","status":"publish","type":"page","link":"https:\/\/zorgu.ai\/en\/testimonials\/","title":{"rendered":"Opinie Klient\u00f3w"},"content":{"rendered":"\t\t<div data-elementor-type=\"wp-page\" data-elementor-id=\"63559\" class=\"elementor elementor-63559\">\n\t\t\t\t\t\t<section data-cea-float=\"[{&quot;float_title&quot;:&quot;Image2&quot;,&quot;float_img&quot;:&quot;https:\\\/\\\/wordpress.zozothemes.com\\\/gigas\\\/wp-content\\\/uploads\\\/sites\\\/5\\\/2022\\\/12\\\/testimonial-img-3.jpg&quot;,&quot;float_left&quot;:&quot;78&quot;,&quot;float_top&quot;:&quot;20&quot;,&quot;float_distance&quot;:&quot;100&quot;,&quot;float_animation&quot;:&quot;1&quot;,&quot;float_mouse&quot;:&quot;0&quot;,&quot;float_width&quot;:&quot;92px&quot;},{&quot;float_title&quot;:&quot;Image3&quot;,&quot;float_img&quot;:&quot;https:\\\/\\\/wordpress.zozothemes.com\\\/gigas\\\/wp-content\\\/uploads\\\/sites\\\/5\\\/2022\\\/12\\\/testimonial-img-2.jpg&quot;,&quot;float_left&quot;:&quot;38&quot;,&quot;float_top&quot;:&quot;71&quot;,&quot;float_distance&quot;:&quot;100&quot;,&quot;float_animation&quot;:&quot;1&quot;,&quot;float_mouse&quot;:&quot;0&quot;,&quot;float_width&quot;:&quot;92px&quot;}]\" class=\"elementor-section elementor-top-section elementor-element elementor-element-7f93e562 elementor-section-content-middle elementor-section-stretched cus-float-img elementor-section-boxed elementor-section-height-default elementor-section-height-default text-reveal-no\" data-id=\"7f93e562\" data-element_type=\"section\" data-e-type=\"section\" data-settings=\"{&quot;stretch_section&quot;:&quot;section-stretched&quot;,&quot;background_background&quot;:&quot;classic&quot;}\">\n\t\t\t\t\t\t\t<div class=\"elementor-background-overlay\"><\/div>\n\t\t\t\t\t\t\t<div class=\"elementor-container elementor-column-gap-extended\">\n\t\t\t\t\t<div class=\"elementor-column elementor-col-50 elementor-top-column elementor-element elementor-element-2878972f\" data-id=\"2878972f\" data-element_type=\"column\" data-e-type=\"column\">\n\t\t\t<div class=\"elementor-widget-wrap elementor-element-populated\">\n\t\t\t\t\t\t<div class=\"elementor-element elementor-element-310f54f2 cea-align-left cea-tablet-align-center elementor-invisible elementor-widget elementor-widget-ceasectiontitle\" data-id=\"310f54f2\" data-element_type=\"widget\" data-e-type=\"widget\" data-settings=\"{&quot;_animation&quot;:&quot;fadeInUp&quot;}\" data-widget_type=\"ceasectiontitle.default\">\n\t\t\t\t<div class=\"elementor-widget-container\">\n\t\t\t\t\t<div class=\"section-title-wrapper section-title-light\"><div class=\"title-wrap\"><p class=\"sub-title\"><span class=\"subtitle-dots \" >Opinie Klient\u00f3w<\/span><\/p><h2 class=\"section-title none\" data-animation=\"none\">Co m\u00f3wi\u0105 o nas nasi Klienci?<\/h2><\/div><!-- .title-wrap --><div class=\"section-description\"><p class=\"section-content\">Poznajcie opinie o naszych rozwi\u0105zaniach, jako\u015bci obs\u0142ugi oraz skutecznych wdro\u017ceniach.<\/p><\/div><!-- .section-description --><\/div><!-- .section-title-wrapper -->\t\t\t\t<\/div>\n\t\t\t\t<\/div>\n\t\t\t\t\t<\/div>\n\t\t<\/div>\n\t\t\t\t<div class=\"elementor-column elementor-col-50 elementor-top-column elementor-element elementor-element-6a734207\" data-id=\"6a734207\" data-element_type=\"column\" data-e-type=\"column\">\n\t\t\t<div class=\"elementor-widget-wrap elementor-element-populated\">\n\t\t\t\t\t\t<div class=\"elementor-element elementor-element-710769f8 elementor-invisible elementor-widget elementor-widget-ceatestimonial\" data-id=\"710769f8\" data-element_type=\"widget\" data-e-type=\"widget\" data-settings=\"{&quot;_animation&quot;:&quot;fadeInUp&quot;}\" data-widget_type=\"ceatestimonial.default\">\n\t\t\t\t\n\t\t<div class=\"elementor-widget-container testimonial-wrapper testimonial-style-list testimonial-light testimonial-slide-model image-gallery\">\n\t\t\n\t\t\t<div class=\"cea-carousel owl-carousel\" data-loop=\"1\" data-margin=\"0\" data-center=\"0\" data-nav=\"1\" data-dots=\"0\" data-autoplay=\"1\" data-items=\"1\" data-items-tab=\"1\" data-items-mob=\"1\" data-duration=\"500000\" data-smartspeed=\"250\" data-scrollby=\"1\" data-autoheight=\"0\"><div class=\"owl-carousel-item\" ><div class=\"testimonial-inner\"><div class=\"media\"><div class=\"post-thumb\"><a href=\"https:\/\/zorgu.ai\/en\/testimonial\/cukierniakasprzak\/\" class=\"post-image-link\"><img decoding=\"async\" src=\"https:\/\/zorgu.ai\/wp-content\/uploads\/2024\/07\/kasprzak.png\" title=\"kasprzak\" alt=\"\" class=\"img-fluid rounded-circle\" \/><\/a><\/div><!-- .post-thumb --><div class=\"media-body\"><h4 class=\"post-title-head\"><a href=\"https:\/\/zorgu.ai\/en\/testimonial\/cukierniakasprzak\/\" class=\"client-name post-title\">Bart\u0142omiej Kasprzak<\/a><\/h4><div class=\"bottom-meta clearfix\"><ul class=\"nav bottom-meta-list meta-left\"><li><div class=\"testimonial-info\"><\/div><!-- .testimonial-info --><\/li><\/ul><\/div><div class=\"post-excerpt\">Wykonali\u015bmy razem kawa\u0142 dobrej pracy polegaj\u0105cej na wdro\u017ceniu bota zajmuj\u0105cego si\u0119 ustalaniem szczeg\u00f3\u0142\u00f3w zam\u00f3wie\u0144 na torty okoliczno\u015bciowe. To wdro\u017cenie pozwoli\u0142o nam zaoszcz\u0119dzi\u0107 du\u017co czasu!<\/div><!-- .post-excerpt --><\/div><!-- .media --><\/div><!-- .media-body --><\/div><!-- .testimonial-inner --><\/div><!-- .col \/ .owl-carousel-item \/ .isotope --><div class=\"owl-carousel-item\" ><div class=\"testimonial-inner\"><div class=\"media\"><div class=\"post-thumb\"><a href=\"https:\/\/zorgu.ai\/en\/testimonial\/homemortgagebrokers\/\" class=\"post-image-link\"><img decoding=\"async\" src=\"https:\/\/zorgu.ai\/wp-content\/uploads\/2024\/07\/Home-Mortgage-Brokers.png\" title=\"Home Mortgage Brokers\" alt=\"\" class=\"img-fluid rounded-circle img-fluid rounded-circle\" \/><\/a><\/div><!-- .post-thumb --><div class=\"media-body\"><h4 class=\"post-title-head\"><a href=\"https:\/\/zorgu.ai\/en\/testimonial\/homemortgagebrokers\/\" class=\"client-name post-title\">Agnieszka R\u00f3\u017cnicka<\/a><\/h4><div class=\"bottom-meta clearfix\"><ul class=\"nav bottom-meta-list meta-left\"><li><div class=\"testimonial-info\"><\/div><!-- .testimonial-info --><\/li><\/ul><\/div><div class=\"post-excerpt\">Dzi\u015b z perspektywy czasu wiemy, \u017ce to by\u0142a dobra decyzja. Firma Zorgu wspar\u0142a nas w optymalizacji procesu polegaj\u0105cego na sprawdzaniu, analizowaniu i uzupe\u0142nianiu dokumentacji przez naszych Klient\u00f3w ubiegaj\u0105cych si\u0119 o kredyt hipoteczny.<\/div><!-- .post-excerpt --><\/div><!-- .media --><\/div><!-- .media-body --><\/div><!-- .testimonial-inner --><\/div><!-- .col \/ .owl-carousel-item \/ .isotope --><div class=\"owl-carousel-item\" ><div class=\"testimonial-inner\"><div class=\"media\"><div class=\"post-thumb\"><a href=\"https:\/\/zorgu.ai\/en\/testimonial\/midel\/\" class=\"post-image-link\"><img decoding=\"async\" src=\"https:\/\/zorgu.ai\/wp-content\/uploads\/2024\/07\/Midel2.png\" title=\"Midel2\" alt=\"\" class=\"img-fluid rounded-circle img-fluid rounded-circle img-fluid rounded-circle\" \/><\/a><\/div><!-- .post-thumb --><div class=\"media-body\"><h4 class=\"post-title-head\"><a href=\"https:\/\/zorgu.ai\/en\/testimonial\/midel\/\" class=\"client-name post-title\">Micha\u0142 Mirecki<\/a><\/h4><div class=\"bottom-meta clearfix\"><ul class=\"nav bottom-meta-list meta-left\"><li><div class=\"testimonial-info\"><\/div><!-- .testimonial-info --><\/li><\/ul><\/div><div class=\"post-excerpt\">Rozwi\u0105zania Zorgu oparte o AI - sztucznej inteligencji znacz\u0105co usprawni\u0142y nasze procesy sprzeda\u017cy w zakresie tzw. \"cold callingu\".<\/div><!-- .post-excerpt --><\/div><!-- .media --><\/div><!-- .media-body --><\/div><!-- .testimonial-inner --><\/div><!-- .col \/ .owl-carousel-item \/ .isotope --><\/div><!-- .owl-carousel -->\t\t\t\n\t\t<\/div>\n\t\t\t\t<\/div>\n\t\t\t\t\t<\/div>\n\t\t<\/div>\n\t\t\t\t\t<\/div>\n\t\t<\/section>\n\t\t\t\t<\/div>\n\t\t","protected":false},"excerpt":{"rendered":"<p>Opinie Klient\u00f3w Co m\u00f3wi\u0105 o nas nasi Klienci? Poznajcie opinie o naszych rozwi\u0105zaniach, jako\u015bci obs\u0142ugi oraz skutecznych wdro\u017ceniach. Bart\u0142omiej Kasprzak Wykonali\u015bmy razem kawa\u0142 dobrej pracy polegaj\u0105cej na wdro\u017ceniu bota zajmuj\u0105cego si\u0119 ustalaniem..<\/p>","protected":false},"author":1,"featured_media":0,"parent":0,"menu_order":0,"comment_status":"closed","ping_status":"closed","template":"","meta":{"footnotes":""},"class_list":["post-63559","page","type-page","status-publish","hentry"],"_links":{"self":[{"href":"https:\/\/zorgu.ai\/en\/wp-json\/wp\/v2\/pages\/63559","targetHints":{"allow":["GET"]}}],"collection":[{"href":"https:\/\/zorgu.ai\/en\/wp-json\/wp\/v2\/pages"}],"about":[{"href":"https:\/\/zorgu.ai\/en\/wp-json\/wp\/v2\/types\/page"}],"author":[{"embeddable":true,"href":"https:\/\/zorgu.ai\/en\/wp-json\/wp\/v2\/users\/1"}],"replies":[{"embeddable":true,"href":"https:\/\/zorgu.ai\/en\/wp-json\/wp\/v2\/comments?post=63559"}],"version-history":[{"count":10,"href":"https:\/\/zorgu.ai\/en\/wp-json\/wp\/v2\/pages\/63559\/revisions"}],"predecessor-version":[{"id":64962,"href":"https:\/\/zorgu.ai\/en\/wp-json\/wp\/v2\/pages\/63559\/revisions\/64962"}],"wp:attachment":[{"href":"https:\/\/zorgu.ai\/en\/wp-json\/wp\/v2\/media?parent=63559"}],"curies":[{"name":"wp","href":"https:\/\/api.w.org\/{rel}","templated":true}]}}