{"id":63486,"date":"2024-07-16T11:14:11","date_gmt":"2024-07-16T11:14:11","guid":{"rendered":"https:\/\/wordpress.zozothemes.com\/gigas\/?page_id=63486"},"modified":"2025-10-03T12:46:40","modified_gmt":"2025-10-03T12:46:40","slug":"case-study","status":"publish","type":"page","link":"https:\/\/zorgu.ai\/en\/case-study\/","title":{"rendered":"Case study"},"content":{"rendered":"<div data-elementor-type=\"wp-page\" data-elementor-id=\"63486\" class=\"elementor elementor-63486\">\n\t\t\t\t\t\t<section class=\"elementor-section elementor-top-section elementor-element elementor-element-51e511a4 elementor-section-content-middle elementor-section-stretched elementor-section-boxed elementor-section-height-default elementor-section-height-default text-reveal-no\" data-id=\"51e511a4\" data-element_type=\"section\" data-e-type=\"section\" data-settings=\"{&quot;stretch_section&quot;:&quot;section-stretched&quot;,&quot;background_background&quot;:&quot;classic&quot;}\">\n\t\t\t\t\t\t\t<div class=\"elementor-background-overlay\"><\/div>\n\t\t\t\t\t\t\t<div class=\"elementor-container elementor-column-gap-extended\">\n\t\t\t\t\t<div class=\"elementor-column elementor-col-100 elementor-top-column elementor-element elementor-element-21fb00c4\" data-id=\"21fb00c4\" data-element_type=\"column\" data-e-type=\"column\">\n\t\t\t<div class=\"elementor-widget-wrap elementor-element-populated\">\n\t\t\t\t\t\t<section class=\"elementor-section elementor-inner-section elementor-element elementor-element-1affae7 elementor-section-content-middle elementor-section-boxed elementor-section-height-default elementor-section-height-default text-reveal-no\" data-id=\"1affae7\" data-element_type=\"section\" data-e-type=\"section\">\n\t\t\t\t\t\t<div class=\"elementor-container elementor-column-gap-default\">\n\t\t\t\t\t<div class=\"elementor-column elementor-col-100 elementor-inner-column elementor-element elementor-element-c57fe99\" data-id=\"c57fe99\" data-element_type=\"column\" data-e-type=\"column\">\n\t\t\t<div class=\"elementor-widget-wrap elementor-element-populated\">\n\t\t\t\t\t\t<div class=\"elementor-element elementor-element-58020e8f elementor-widget elementor-widget-ceaportfolio\" data-id=\"58020e8f\" data-element_type=\"widget\" data-e-type=\"widget\" data-widget_type=\"ceaportfolio.default\">\n\t\t\t\t\r\n\t\t<div class=\"elementor-widget-container portfolio-wrapper portfolio-style-modern portfolio-light portfolio-normal-model image-gallery\">\r\n\t\t\r\n\t\t\t<div class=\"row\"><div class=\"col-lg-4 col-md-4\" ><div class=\"portfolio-inner\"><div class=\"post-thumb post-overlay-active\"><a href=\"https:\/\/zorgu.ai\/en\/Case-study\/casestudy-homemortgagebrokers\/\" class=\"post-image-link\"><img decoding=\"async\" src=\"https:\/\/zorgu.ai\/wp-content\/uploads\/elementor\/thumbs\/casestudy_homemortgage2-r7vgja74xjmaq2g9h4qtr1nl9pirhm29x7yfn8c24w.png\" title=\"casestudy_homemortgage2\" alt=\"\" class=\"img-fluid squared\" \/><\/a><div class=\"post-overlay-items\"><div class=\"entry-title\"><h4 class=\"post-title-head\"><a href=\"https:\/\/zorgu.ai\/en\/Case-study\/casestudy-homemortgagebrokers\/\" class=\"post-title\">Jak AI przyspieszy\u0142o procesy sprzeda\u017cowe w Home Mortgage Brokers?<\/a><\/h4><\/div><!-- .entry-title --><div class=\"post-category\"><span class=\"before-icon ti-folder\"><\/span><a href=\"https:\/\/zorgu.ai\/en\/portfolio-categories\/obsluga\/\">Obs\u0142uga Klienta<\/a>,<a href=\"https:\/\/zorgu.ai\/en\/portfolio-categories\/sprzedaz\/\">Sprzeda\u017c<\/a><\/div><\/div><\/div><!-- .post-thumb --><\/div><!-- .portfolio-inner --><\/div><!-- .col \/ .owl-carousel-item \/ .isotope --><div class=\"col-lg-4 col-md-4\" ><div class=\"portfolio-inner\"><div class=\"post-thumb post-overlay-active\"><a href=\"https:\/\/zorgu.ai\/en\/Case-study\/casestudy-cukierniakasprzak\/\" class=\"post-image-link\"><img decoding=\"async\" src=\"https:\/\/zorgu.ai\/wp-content\/uploads\/elementor\/thumbs\/casestudy_kasprzak3-r7vgo43a1w8cdxfo9pwt2brv5zpo1m8m94n9ff685s.png\" title=\"casestudy_kasprzak3\" alt=\"\" class=\"img-fluid squared img-fluid squared\" \/><\/a><div class=\"post-overlay-items\"><div class=\"entry-title\"><h4 class=\"post-title-head\"><a href=\"https:\/\/zorgu.ai\/en\/Case-study\/casestudy-cukierniakasprzak\/\" class=\"post-title\">Jak AI pomog\u0142o Cukierni Kasprzak usprawni\u0107 zam\u00f3wienia i ograniczy\u0107 straty?<\/a><\/h4><\/div><!-- .entry-title --><div class=\"post-category\"><span class=\"before-icon ti-folder\"><\/span><a href=\"https:\/\/zorgu.ai\/en\/portfolio-categories\/obsluga\/\">Obs\u0142uga Klienta<\/a>,<a href=\"https:\/\/zorgu.ai\/en\/portfolio-categories\/sprzedaz\/\">Sprzeda\u017c<\/a><\/div><\/div><\/div><!-- .post-thumb --><\/div><!-- .portfolio-inner --><\/div><!-- .col \/ .owl-carousel-item \/ .isotope --><div class=\"col-lg-4 col-md-4\" ><div class=\"portfolio-inner\"><div class=\"post-thumb post-overlay-active\"><a href=\"https:\/\/zorgu.ai\/en\/Case-study\/jak-voicebot-oparty-o-ai-pomoglo-w-firmie-art-box-experience\/\" class=\"post-image-link\"><img decoding=\"async\" src=\"https:\/\/zorgu.ai\/wp-content\/uploads\/elementor\/thumbs\/ABE-czarne-Logo-PION_480_380-e1759495882746-rcnx0xboyzzsje1ai6baxobmocnplmyy3fun6cah8w.png\" title=\"ABE czarne Logo PION_480_380\" alt=\"\" class=\"img-fluid squared img-fluid squared img-fluid squared\" \/><\/a><div class=\"post-overlay-items\"><div class=\"entry-title\"><h4 class=\"post-title-head\"><a href=\"https:\/\/zorgu.ai\/en\/Case-study\/jak-voicebot-oparty-o-ai-pomoglo-w-firmie-art-box-experience\/\" class=\"post-title\">Jak voicebot oparty o AI pomog\u0142o w firmie Art Box Experience?<\/a><\/h4><\/div><!-- .entry-title --><div class=\"post-category\"><span class=\"before-icon ti-folder\"><\/span><a href=\"https:\/\/zorgu.ai\/en\/portfolio-categories\/sprzedaz\/\">Sprzeda\u017c<\/a><\/div><\/div><\/div><!-- .post-thumb --><\/div><!-- .portfolio-inner --><\/div><!-- .col \/ .owl-carousel-item \/ .isotope --><\/div><!-- .row -->\t\t\t\r\n\t\t<\/div>\r\n\t\t\t\t<\/div>\n\t\t\t\t\t<\/div>\n\t\t<\/div>\n\t\t\t\t\t<\/div>\n\t\t<\/section>\n\t\t\t\t\t<\/div>\n\t\t<\/div>\n\t\t\t\t\t<\/div>\n\t\t<\/section>\n\t\t\t\t<\/div>","protected":false},"excerpt":{"rendered":"<p>Jak AI przyspieszy\u0142o procesy sprzeda\u017cowe w Home Mortgage Brokers? Obs\u0142uga Klienta,Sprzeda\u017c Jak AI..<\/p>","protected":false},"author":1,"featured_media":0,"parent":0,"menu_order":0,"comment_status":"closed","ping_status":"closed","template":"","meta":{"footnotes":""},"class_list":["post-63486","page","type-page","status-publish","hentry"],"_links":{"self":[{"href":"https:\/\/zorgu.ai\/en\/wp-json\/wp\/v2\/pages\/63486","targetHints":{"allow":["GET"]}}],"collection":[{"href":"https:\/\/zorgu.ai\/en\/wp-json\/wp\/v2\/pages"}],"about":[{"href":"https:\/\/zorgu.ai\/en\/wp-json\/wp\/v2\/types\/page"}],"author":[{"embeddable":true,"href":"https:\/\/zorgu.ai\/en\/wp-json\/wp\/v2\/users\/1"}],"replies":[{"embeddable":true,"href":"https:\/\/zorgu.ai\/en\/wp-json\/wp\/v2\/comments?post=63486"}],"version-history":[{"count":19,"href":"https:\/\/zorgu.ai\/en\/wp-json\/wp\/v2\/pages\/63486\/revisions"}],"predecessor-version":[{"id":65616,"href":"https:\/\/zorgu.ai\/en\/wp-json\/wp\/v2\/pages\/63486\/revisions\/65616"}],"wp:attachment":[{"href":"https:\/\/zorgu.ai\/en\/wp-json\/wp\/v2\/media?parent=63486"}],"curies":[{"name":"wp","href":"https:\/\/api.w.org\/{rel}","templated":true}]}}